{"id":26,"date":"2023-10-03T11:18:02","date_gmt":"2023-10-03T09:18:02","guid":{"rendered":"https:\/\/historische-boegen.de\/?page_id=26"},"modified":"2025-10-15T15:39:46","modified_gmt":"2025-10-15T13:39:46","slug":"datenschutz","status":"publish","type":"page","link":"https:\/\/historische-boegen.de\/en\/datenschutz\/","title":{"rendered":"Privacy Policy"},"content":{"rendered":"<p>In unserer Datenschutzerkl\u00e4rung informieren wir Sie, gem\u00e4\u00df der DSGVO, \u00fcber die Verarbeitung Ihrer personenbezogenen Daten bei der Nutzung unserer Website.<\/p>\n<h4>Kontaktdaten des Verantwortlichen<\/h4>\n<p>Verantwortlich gem. Art. 4 Abs. 7 EU-Datenschutz-Grundverordnung (DSGVO) ist:<br \/>\nIna Keller &#8211; Historische B\u00f6gen<br \/>\nOwner: Ina Keller<br \/>\n<strong>Workshop:<\/strong><br \/>\nLutterothstr. 58, 20255 Hamburg<br \/>\n+49 (0) 177 963 44 54<br \/>\n<a href=\"mailto:ina-keller@historische-boegen.de\">ina-keller@historische-boegen.de<\/a><br \/>\n<a href=\"https:\/\/historische-boegen.de\/en\/\">historische-boegen.de<\/a><\/p>\n<h4>Datensicherheit<\/h4>\n<p>Um die Sicherheit Ihrer Daten bei der \u00dcbertragung zu sch\u00fctzen, verwenden wir auf unserer Website dem aktuellen Stand der Technik entsprechende Verschl\u00fcsselungsverfahren SSL \u00fcber HTTPS.<br \/>\nSSL steht f\u00fcr \u201eSecure Sockets Layer\u201c und ist die Standardtechnologie f\u00fcr die Absicherung von Internetverbindungen und den Schutz sensibler Daten, die zwischen zwei Systemen \u00fcbertragen werden. So wird verhindert, dass Kriminelle \u00fcbertragene Informationen, einschlie\u00dflich potenzieller pers\u00f6nlicher Daten, lesen und ver\u00e4ndern.<br \/>\nZur Sicherung Ihrer Daten unterhalten wir technische und organisatorische Sicherungsma\u00dfnahmen entsprechend Art. 32 DSGVO, die wir immer wieder dem Stand der Technik anpassen.<\/p>\n<h4>Datenerfassung beim Besuch unserer Website<\/h4>\n<p>Beim Aufruf unserer Webseite werden durch den Internet-Browser, den der Besucher verwendet, automatisch Daten an den Host-Server unserer Webseite gesendet und zeitlich begrenzt in einer Protokolldatei (Logfiles) gespeichert.<br \/>\nBis zur automatischen L\u00f6schung werden nachstehende Daten ohne weitere Eingabe des Besuchers gespeichert:<\/p>\n<ul style=\"margin: -17px 0 0px 15px;\">\n<li>Internet-Protokoll-Adresse (IP-Adresse) des Endger\u00e4ts des Besuchers,<\/li>\n<li>Datum und Uhrzeit des Zugriffs durch den Besucher,<\/li>\n<li>Name und URL (Internet-Adresse) der vom Besucher aufgerufenen Seite,<\/li>\n<li>Webseite, von der aus der Besucher auf unsere Webseite gelangt (sog. Referrer-URL),<\/li>\n<li>Sprache und Version der Browsersoftware,<\/li>\n<li>Browser und Betriebssystem des Endger\u00e4ts des Besuchers sowie der Name des vom Besucher verwendeten Access-Providers.<\/li>\n<\/ul>\n<p>Die Verarbeitung erfolgt gem\u00e4\u00df Art. 6 Abs. 1 lit. f DSGVO auf Basis unseres berechtigten Interesses an der Verbesserung der Stabilit\u00e4t und Funktionalit\u00e4t unserer Website. Eine Weitergabe oder anderweitige Verwendung der Daten findet nicht statt. Wir behalten uns allerdings vor, die Server-Logfiles nachtr\u00e4glich zu \u00fcberpr\u00fcfen, sollten konkrete Anhaltspunkte auf eine rechtswidrige Nutzung hinweisen.<\/p>\n<h4>Cookie<\/h4>\n<p>Um den Besuch unserer Website attraktiv zu gestalten und die Nutzung bestimmter Funktionen zu erm\u00f6glichen, verwenden wir auf verschiedenen Seiten sogenannte Cookies. Hierbei handelt es sich um kleine Textdateien, die auf Ihrem Endger\u00e4t abgelegt werden. Einige der von uns verwendeten Cookies werden nach dem Ende der Browser-Sitzung, also nach Schlie\u00dfen Ihres Browsers, wieder gel\u00f6scht (sog. Sitzungs-Cookies). Andere Cookies verbleiben auf Ihrem Endger\u00e4t und erm\u00f6glichen, Ihren Browser beim n\u00e4chsten Besuch wiederzuerkennen (sog. persistente Cookies). Werden Cookies gesetzt, erheben und verarbeiten diese im individuellen Umfang bestimmte Nutzerinformationen wie Browser- und Standortdaten sowie IP-Adresswerte. Persistente Cookies werden automatisiert nach einer vorgegebenen Dauer gel\u00f6scht, die sich je nach Cookie unterscheiden kann. Die Dauer der jeweiligen Cookie-Speicherung k\u00f6nnen Sie der \u00dcbersicht zu den Cookie-Einstellungen Ihres Webbrowsers entnehmen.<br \/>\nTeilweise dienen die Cookies dazu, durch Speicherung von Einstellungen den Bestellprozess zu vereinfachen (z.B. Merken des Inhalts eines virtuellen Warenkorbs f\u00fcr einen sp\u00e4teren Besuch auf der Website). Sofern durch einzelne von uns eingesetzte Cookies auch personenbezogene Daten verarbeitet werden, erfolgt die Verarbeitung gem\u00e4\u00df Art. 6 Abs. 1 lit. b DSGVO entweder zur Durchf\u00fchrung des Vertrages, gem\u00e4\u00df Art. 6 Abs. 1 lit. a DSGVO im Falle einer erteilten Einwilligung oder gem\u00e4\u00df Art. 6 Abs. 1 lit. f DSGVO zur Wahrung unserer berechtigten Interessen an der bestm\u00f6glichen Funktionalit\u00e4t der Website sowie einer kundenfreundlichen und effektiven Ausgestaltung des Seitenbesuchs.<br \/>\nBitte beachten Sie, dass Sie Ihren Browser so einstellen k\u00f6nnen, dass Sie \u00fcber das Setzen von Cookies informiert werden und einzeln \u00fcber deren Annahme entscheiden oder die Annahme von Cookies f\u00fcr bestimmte F\u00e4lle oder generell ausschlie\u00dfen k\u00f6nnen. Jeder Browser unterscheidet sich in der Art, wie er die Cookie-Einstellungen verwaltet. Diese ist in dem Hilfemen\u00fc jedes Browsers beschrieben, welches Ihnen erl\u00e4utert, wie Sie Ihre Cookie-Einstellungen \u00e4ndern k\u00f6nnen.<\/p>\n<h4>Kontaktaufnahme<\/h4>\n<p>Im Rahmen der Kontaktaufnahme mit uns (z.B. per Kontaktformular oder E-Mail) werden personenbezogene Daten erhoben. Welche Daten im Falle der Nutzung eines Kontaktformulars erhoben werden, ist aus dem jeweiligen Kontaktformular ersichtlich. Diese Daten werden ausschlie\u00dflich zum Zweck der Beantwortung Ihres Anliegens bzw. f\u00fcr die Kontaktaufnahme und die damit verbundene technische Administration gespeichert und verwendet. Rechtsgrundlage f\u00fcr die Verarbeitung dieser Daten ist unser berechtigtes Interesse an der Beantwortung Ihres Anliegens gem\u00e4\u00df Art. 6 Abs. 1 lit. f DSGVO. Zielt Ihre Kontaktierung auf den Abschluss eines Vertrages ab, so ist zus\u00e4tzliche Rechtsgrundlage f\u00fcr die Verarbeitung Art. 6 Abs. 1 lit. b DSGVO. Ihre Daten werden nach abschlie\u00dfender Bearbeitung Ihrer Anfrage gel\u00f6scht. Dies ist der Fall, wenn sich aus den Umst\u00e4nden entnehmen l\u00e4sst, dass der betroffene Sachverhalt abschlie\u00dfend gekl\u00e4rt ist und sofern keine gesetzlichen Aufbewahrungspflichten entgegenstehen.<\/p>\n<h4>Externe Links<\/h4>\n<p>Unsere Website enth\u00e4lt Links zu externen Webseiten Dritter, auf deren Inhalte wir keinen Einfluss haben. Die Inhalte dieser externen Links wurden beim Setzen der Links gepr\u00fcft.<br \/>\nEs kann jedoch nicht ausgeschlossen werden, dass die Inhalte von den jeweiligen Anbietern nachtr\u00e4glich ver\u00e4ndert wurden.<br \/>\nF\u00fcr die Inhalte der verlinkten Seiten ist stets der jeweilige Anbieter oder Betreiber der Seiten verantwortlich.<br \/>\nSollten Sie bemerken, dass die Inhalte der externen Anbieter gegen geltendes Recht versto\u00dfen, teilen Sie uns dies bitte mit.<\/p>\n<h4>Ihre Rechte als betroffene Person<\/h4>\n<p>Die beroffene Person hat gegen\u00fcber Ina Keller &#8211; Historische B\u00f6gen folgende Rechte hinsichtlich der sie betreffenden personenbezogenen Daten:<\/p>\n<ul style=\"margin: -17px 0 0px 15px;\">\n<li>das Recht auf Auskunft nach Art. 15 DS-GVO i.V.m. \u00a7 34 BDSG,<\/li>\n<li>das Recht auf Berichtigung gem\u00e4\u00df Art. 16 DS-GVO,<\/li>\n<li>das Recht auf L\u00f6schung aus Art. 17 DS-GVO i.V.m. \u00a7 35 BDSG,<\/li>\n<li>das Recht auf Einschr\u00e4nkung der Verarbeitung gem\u00e4\u00df Art. 18 DS-GVO,<\/li>\n<li>das Recht auf Daten\u00fcbertragbarkeit aus Art. 20 DS-GVO,<\/li>\n<li>das Recht auf Beschwerde bei einer zust\u00e4ndigen Datenschutzaufsichtsbeh\u00f6rde gem\u00e4\u00df Art. 77 DS-GVO i. V. m. \u00a7 19 BDSG,<\/li>\n<li>das Widerspruchsrecht gem\u00e4\u00df Art. 21 DS-GVO.<\/li>\n<\/ul>\n<h4>Widerruf Ihrer Einwilligung zur Datenverarbeitung<\/h4>\n<p>Viele Datenverarbeitungsvorg\u00e4nge sind nur mit Ihrer ausdr\u00fccklichen Einwilligung m\u00f6glich. Sie k\u00f6nnen eine bereits erteilte Einwilligung jederzeit widerrufen. Dazu reicht eine formlose Mitteilung per E-Mail an uns. Die Rechtm\u00e4\u00dfigkeit der bis zum Widerruf erfolgten Datenverarbeitung bleibt vom Widerruf unber\u00fchrt.<\/p>\n<h4>Beschwerderecht bei der zust\u00e4ndigen Aufsichtsbeh\u00f6rde<\/h4>\n<p>Im Falle datenschutzrechtlicher Verst\u00f6\u00dfe steht dem Betroffenen ein Beschwerderecht bei der zust\u00e4ndigen Aufsichtsbeh\u00f6rde zu. Zust\u00e4ndige Aufsichtsbeh\u00f6rde in datenschutzrechtlichen Fragen ist der Landesdatenschutzbeauftragte des Bundeslandes, in dem unser Unternehmen seinen Sitz hat. Eine Liste der Datenschutzbeauftragten sowie deren Kontaktdaten k\u00f6nnen folgendem Link entnommen werden: <a href=\"https:\/\/www.bfdi.bund.de\/DE\/Infothek\/Anschriften_Links\/anschriften_links-node.html\" target=\"_blank\" rel=\"noopener\">https:\/\/www.bfdi.bund.de\/DE\/Infothek\/Anschriften_Links\/anschriften_links-node.html<\/a>.<\/p>\n<h4>\u00c4nderung unserer Datenschutzbestimmungen<\/h4>\n<p>Wir behalten uns vor, diese Datenschutzerkl\u00e4rung anzupassen, damit sie stets den aktuellen rechtlichen Anforderungen entspricht oder um \u00c4nderungen unserer Leistungen in der Datenschutzerkl\u00e4rung umzusetzen, z.B. bei der Einf\u00fchrung neuer Services. F\u00fcr Ihren erneuten Besuch gilt dann die neue Datenschutzerkl\u00e4rung.<\/p>","protected":false},"excerpt":{"rendered":"<p>In unserer Datenschutzerkl\u00e4rung informieren wir Sie, gem\u00e4\u00df der DSGVO, \u00fcber die Verarbeitung Ihrer personenbezogenen Daten bei der Nutzung unserer Website. Kontaktdaten des Verantwortlichen Verantwortlich gem. Art. 4 Abs. 7 EU-Datenschutz-Grundverordnung (DSGVO) ist: Ina Keller&#46;&#46;&#46;<\/p>","protected":false},"author":1,"featured_media":0,"parent":0,"menu_order":0,"comment_status":"closed","ping_status":"closed","template":"datenschutz.php","meta":{"_acf_changed":false,"footnotes":""},"class_list":["post-26","page","type-page","status-publish","hentry"],"acf":[],"_links":{"self":[{"href":"https:\/\/historische-boegen.de\/en\/wp-json\/wp\/v2\/pages\/26","targetHints":{"allow":["GET"]}}],"collection":[{"href":"https:\/\/historische-boegen.de\/en\/wp-json\/wp\/v2\/pages"}],"about":[{"href":"https:\/\/historische-boegen.de\/en\/wp-json\/wp\/v2\/types\/page"}],"author":[{"embeddable":true,"href":"https:\/\/historische-boegen.de\/en\/wp-json\/wp\/v2\/users\/1"}],"replies":[{"embeddable":true,"href":"https:\/\/historische-boegen.de\/en\/wp-json\/wp\/v2\/comments?post=26"}],"version-history":[{"count":7,"href":"https:\/\/historische-boegen.de\/en\/wp-json\/wp\/v2\/pages\/26\/revisions"}],"predecessor-version":[{"id":425,"href":"https:\/\/historische-boegen.de\/en\/wp-json\/wp\/v2\/pages\/26\/revisions\/425"}],"wp:attachment":[{"href":"https:\/\/historische-boegen.de\/en\/wp-json\/wp\/v2\/media?parent=26"}],"curies":[{"name":"wp","href":"https:\/\/api.w.org\/{rel}","templated":true}]}}