{"id":24,"date":"2023-10-03T11:17:11","date_gmt":"2023-10-03T09:17:11","guid":{"rendered":"https:\/\/historische-boegen.de\/?page_id=24"},"modified":"2025-10-15T15:57:24","modified_gmt":"2025-10-15T13:57:24","slug":"impressum","status":"publish","type":"page","link":"https:\/\/historische-boegen.de\/en\/impressum\/","title":{"rendered":"Imprint"},"content":{"rendered":"<h1>Ina Keller &#8211; Historische B\u00f6gen<\/h1>\n<p>Owner: Ina Keller<br \/>\n<strong>USt-ID:<\/strong> DE213050982<\/p>\n<h4>Kontakt \/ Verantwortlich f\u00fcr die Inhalte<\/h4>\n<p>Ina Keller<br \/>\n<strong>Workshop:<\/strong><br \/>\nLutterothstr. 58, 20255 Hamburg<br \/>\n+49 (0) 177 963 44 54<br \/>\n<a href=\"mailto:ina-keller@historische-boegen.de\">ina-keller@historische-boegen.de<\/a><\/p>\n<h4>Urheberrecht<\/h4>\n<p>Alle Texte, Bilder, Audio-Dateien, Video-Dateien und weitere hier ver\u00f6ffentlichte Daten, mit Ausnahme von anders gekennzeichneten Daten, sind urheberrechtlich gesch\u00fctzt.<br \/>\nJede Reproduktion oder Wiedergabe des Ganzen oder von Teilen ist untersagt, soweit sie nicht von Ina Keller als Inhaberin schriftlich genehmigt wurde.<\/p>\n<h4>Haftungsausschluss<\/h4>\n<p><strong>Haftung f\u00fcr Inhalte<\/strong><br \/>\nDie Inhalte unserer Seiten wurden mit gr\u00f6\u00dfter Sorgfalt erstellt. F\u00fcr die Richtigkeit, Vollst\u00e4ndigkeit und Aktualit\u00e4t der Inhalte k\u00f6nnen wir jedoch keine Gew\u00e4hr \u00fcbernehmen.<br \/>\nWir sind gem\u00e4\u00df f\u00fcr eigene Inhalte auf diesen Seiten nach den allgemeinen Gesetzen verantwortlich. Wie sind jedoch nicht verpflichtet, \u00fcbermittelte oder gespeicherte fremde Informationen zu \u00fcberwachen oder nach Umst\u00e4nden zu forschen, die auf eine rechtswidrige T\u00e4tigkeit hinweisen. Verpflichtungen zur Entfernung oder Sperrung der Nutzung von Informationen nach den allgemeinen Gesetzen bleiben hiervon unber\u00fchrt. Eine diesbez\u00fcgliche Haftung ist jedoch erst ab dem Zeitpunkt der Kenntnis einer konkreten Rechtsverletzung m\u00f6glich. Bei Bekanntwerden von entsprechenden Rechtsverletzungen werden wir diese Inhalte umgehend entfernen.<\/p>\n<p><strong>Haftung f\u00fcr externe Links<\/strong><br \/>\nUnsere Website enth\u00e4lt Links zu externen Webseiten Dritter, auf deren Inhalte wir keinen Einfluss haben. Die Inhalte dieser externen Links wurden beim Setzen der Links gepr\u00fcft.<br \/>\nEs kann jedoch nicht ausgeschlossen werden, dass die Inhalte von den jeweiligen Anbietern nachtr\u00e4glich ver\u00e4ndert wurden.<br \/>\nF\u00fcr die Inhalte der verlinkten Seiten ist stets der jeweilige Anbieter oder Betreiber der Seiten verantwortlich.<br \/>\nSollten Sie bemerken, dass die Inhalte der externen Anbieter gegen geltendes Recht versto\u00dfen, teilen Sie uns dies bitte mit.<\/p>\n<h4>Abmahnung<\/h4>\n<p><strong>Keine Abmahnung ohne vorherige Kontaktaufnahme mit uns! Sollte der Inhalt oder die Aufmachung dieser Seiten fremde Rechte Dritter oder gesetzliche Bestimmungen verletzen, so bitte wir um eine entsprechende Nachricht ohne Kostennote. <\/strong><\/p>\n<p>Wir garantieren, dass die zu Recht beanstandeten Passagen unverz\u00fcglich entfernt oder ver\u00e4ndert werden, ohne dass von Ihrer Seite die Einschaltung eines Rechtsbeistandes erforderlich ist. Sollten dennoch von Ihnen Kosten ausgel\u00f6st werden, ohne dass vorher eine Kontaktaufnahme mit uns erfolgt ist, werden wir diese im Sinne Ihrer Schadenminderungspflicht (\u00a7254 Abs. 2 BGB) als unbegr\u00fcndet voll umf\u00e4nglich zur\u00fcckweisen und gegebenenfalls wegen Verletzung vorgenannter Bestimmungen Gegenklage einreichen.<\/p>\n<h4>Widerspruch gegen Werbe-Mails<\/h4>\n<p>Die Nutzung von im Rahmen der Impressumspflicht ver\u00f6ffentlichten Kontaktdaten zur \u00dcbersendung von nicht ausdr\u00fccklich angeforderter Werbung und Informationsmaterialien wird hiermit widersprochen. Wir behalten uns ausdr\u00fccklich rechtliche Schritte im Falle der unverlangten Zusendung von Werbeinformationen, etwa durch Spam-E-Mails, vor.<br \/>\n<!--\n\n\n<h4>Plattform der Europ\u00e4ischen Kommission zur Online-Streitbeilegung (OS) f\u00fcr Verbraucher<\/h4>\n\n\n<a title=\"Memoriam Gedenktafeln\" href=\"https:\/\/ec.europa.eu\/consumers\/odr\/main\/index.cfm?event=main.home2.show&amp;lng=DE\" target=\"_blank\" rel=\"noopener noreferrer\" aria-describedby=\"a11y-new-window-external-message\">ec.europa.eu\/consumers<\/a>\nWir sind nicht bereit und nicht verpflichtet an einem Streitbeilegungsverfahren vor einer Verbraucherschlichtungsstelle teilzunehmen.--><\/p>","protected":false},"excerpt":{"rendered":"<p>Ina Keller &#8211; Historische B\u00f6gen Inhaberin: Ina Keller USt-ID: DE213050982 Kontakt \/ Verantwortlich f\u00fcr die Inhalte Ina Keller Werkstatt: Lutterothstr. 58, 20255 Hamburg +49 (0) 177 963 44 54 ina-keller@historische-boegen.de Urheberrecht Alle Texte, Bilder,&#46;&#46;&#46;<\/p>","protected":false},"author":1,"featured_media":0,"parent":0,"menu_order":0,"comment_status":"closed","ping_status":"closed","template":"impressum.php","meta":{"_acf_changed":false,"footnotes":""},"class_list":["post-24","page","type-page","status-publish","hentry"],"acf":[],"_links":{"self":[{"href":"https:\/\/historische-boegen.de\/en\/wp-json\/wp\/v2\/pages\/24","targetHints":{"allow":["GET"]}}],"collection":[{"href":"https:\/\/historische-boegen.de\/en\/wp-json\/wp\/v2\/pages"}],"about":[{"href":"https:\/\/historische-boegen.de\/en\/wp-json\/wp\/v2\/types\/page"}],"author":[{"embeddable":true,"href":"https:\/\/historische-boegen.de\/en\/wp-json\/wp\/v2\/users\/1"}],"replies":[{"embeddable":true,"href":"https:\/\/historische-boegen.de\/en\/wp-json\/wp\/v2\/comments?post=24"}],"version-history":[{"count":9,"href":"https:\/\/historische-boegen.de\/en\/wp-json\/wp\/v2\/pages\/24\/revisions"}],"predecessor-version":[{"id":432,"href":"https:\/\/historische-boegen.de\/en\/wp-json\/wp\/v2\/pages\/24\/revisions\/432"}],"wp:attachment":[{"href":"https:\/\/historische-boegen.de\/en\/wp-json\/wp\/v2\/media?parent=24"}],"curies":[{"name":"wp","href":"https:\/\/api.w.org\/{rel}","templated":true}]}}